{"id":9,"date":"2025-12-16T20:30:38","date_gmt":"2025-12-16T20:30:38","guid":{"rendered":"http:\/\/www.ogenenerji.com\/?page_id=9"},"modified":"2025-12-17T11:11:06","modified_gmt":"2025-12-17T11:11:06","slug":"hakkimizda","status":"publish","type":"page","link":"https:\/\/ogenenerji.com\/index.php\/hakkimizda\/","title":{"rendered":"Hakk\u0131m\u0131zda"},"content":{"rendered":"\n<p><\/p>\n\n\n\n<p>OGEN Enerji ve Bina Otomasyon Sistemleri, enerji ve otomasyon alan\u0131nda<br>modern, verimli ve s\u00fcrd\u00fcr\u00fclebilir \u00e7\u00f6z\u00fcmler sunmak amac\u0131yla kurulmu\u015ftur.<\/p>\n\n\n\n<p>Bina otomasyon sistemleri, mekanik otomasyon, enerji izleme ve pano<br>\u00e7\u00f6z\u00fcmleri konular\u0131nda; projelendirme, uygulama, devreye alma ve<br>sat\u0131\u015f sonras\u0131 destek hizmetleri sa\u011flamaktay\u0131z.<\/p>\n\n\n\n<p>Teknolojik geli\u015fmeleri yak\u0131ndan takip eden yap\u0131m\u0131z ve m\u00fchendislik<br>odakl\u0131 yakla\u015f\u0131m\u0131m\u0131z ile her projede maksimum verimlilik, g\u00fcvenilirlik<br>ve uzun \u00f6m\u00fcrl\u00fc sistemler hedefliyoruz.<\/p>\n\n\n\n<p>M\u00fc\u015fteri ihtiya\u00e7lar\u0131n\u0131 do\u011fru analiz ederek, projeye \u00f6zel \u00e7\u00f6z\u00fcmler<br>\u00fcreten OGEN Enerji, kalite ve s\u00fcreklili\u011fi temel prensip olarak benimser.<\/p>\n\n\n\n<p><strong>Misyonumuz<\/strong><\/p>\n\n\n\n<p>Enerji ve otomasyon sistemlerinde g\u00fcvenilir, verimli ve yenilik\u00e7i<br>\u00e7\u00f6z\u00fcmler sunarak m\u00fc\u015fteri memnuniyetini en \u00fcst seviyede tutmak.<\/p>\n\n\n\n<p><strong>Vizyonumuz<\/strong><\/p>\n\n\n\n<p>Bina otomasyon ve enerji sistemleri alan\u0131nda tercih edilen,<br>g\u00fcvenilir ve s\u00fcrd\u00fcr\u00fclebilir bir marka olmak.<\/p>\n\n\n\n<p><\/p>\n","protected":false},"excerpt":{"rendered":"<p>OGEN Enerji ve Bina Otomasyon Sistemleri, enerji ve otomasyon alan\u0131ndamodern, verimli ve s\u00fcrd\u00fcr\u00fclebilir \u00e7\u00f6z\u00fcmler sunmak amac\u0131yla kurulmu\u015ftur. Bina otomasyon sistemleri, [&hellip;]<\/p>\n","protected":false},"author":1,"featured_media":0,"parent":0,"menu_order":0,"comment_status":"closed","ping_status":"closed","template":"","meta":{"site-sidebar-layout":"default","site-content-layout":"","ast-site-content-layout":"default","site-content-style":"default","site-sidebar-style":"default","ast-global-header-display":"","ast-banner-title-visibility":"","ast-main-header-display":"","ast-hfb-above-header-display":"","ast-hfb-below-header-display":"","ast-hfb-mobile-header-display":"","site-post-title":"","ast-breadcrumbs-content":"","ast-featured-img":"","footer-sml-layout":"","ast-disable-related-posts":"","theme-transparent-header-meta":"","adv-header-id-meta":"","stick-header-meta":"","header-above-stick-meta":"","header-main-stick-meta":"","header-below-stick-meta":"","astra-migrate-meta-layouts":"default","ast-page-background-enabled":"default","ast-page-background-meta":{"desktop":{"background-color":"var(--ast-global-color-5)","background-image":"","background-repeat":"repeat","background-position":"center center","background-size":"auto","background-attachment":"scroll","background-type":"","background-media":"","overlay-type":"","overlay-color":"","overlay-opacity":"","overlay-gradient":""},"tablet":{"background-color":"","background-image":"","background-repeat":"repeat","background-position":"center center","background-size":"auto","background-attachment":"scroll","background-type":"","background-media":"","overlay-type":"","overlay-color":"","overlay-opacity":"","overlay-gradient":""},"mobile":{"background-color":"","background-image":"","background-repeat":"repeat","background-position":"center center","background-size":"auto","background-attachment":"scroll","background-type":"","background-media":"","overlay-type":"","overlay-color":"","overlay-opacity":"","overlay-gradient":""}},"ast-content-background-meta":{"desktop":{"background-color":"var(--ast-global-color-4)","background-image":"","background-repeat":"repeat","background-position":"center center","background-size":"auto","background-attachment":"scroll","background-type":"","background-media":"","overlay-type":"","overlay-color":"","overlay-opacity":"","overlay-gradient":""},"tablet":{"background-color":"var(--ast-global-color-4)","background-image":"","background-repeat":"repeat","background-position":"center center","background-size":"auto","background-attachment":"scroll","background-type":"","background-media":"","overlay-type":"","overlay-color":"","overlay-opacity":"","overlay-gradient":""},"mobile":{"background-color":"var(--ast-global-color-4)","background-image":"","background-repeat":"repeat","background-position":"center center","background-size":"auto","background-attachment":"scroll","background-type":"","background-media":"","overlay-type":"","overlay-color":"","overlay-opacity":"","overlay-gradient":""}},"_joinchat":[],"footnotes":""},"class_list":["post-9","page","type-page","status-publish","hentry"],"jetpack_sharing_enabled":true,"_links":{"self":[{"href":"https:\/\/ogenenerji.com\/index.php\/wp-json\/wp\/v2\/pages\/9","targetHints":{"allow":["GET"]}}],"collection":[{"href":"https:\/\/ogenenerji.com\/index.php\/wp-json\/wp\/v2\/pages"}],"about":[{"href":"https:\/\/ogenenerji.com\/index.php\/wp-json\/wp\/v2\/types\/page"}],"author":[{"embeddable":true,"href":"https:\/\/ogenenerji.com\/index.php\/wp-json\/wp\/v2\/users\/1"}],"replies":[{"embeddable":true,"href":"https:\/\/ogenenerji.com\/index.php\/wp-json\/wp\/v2\/comments?post=9"}],"version-history":[{"count":6,"href":"https:\/\/ogenenerji.com\/index.php\/wp-json\/wp\/v2\/pages\/9\/revisions"}],"predecessor-version":[{"id":110,"href":"https:\/\/ogenenerji.com\/index.php\/wp-json\/wp\/v2\/pages\/9\/revisions\/110"}],"wp:attachment":[{"href":"https:\/\/ogenenerji.com\/index.php\/wp-json\/wp\/v2\/media?parent=9"}],"curies":[{"name":"wp","href":"https:\/\/api.w.org\/{rel}","templated":true}]}}