{"id":23,"date":"2025-12-17T06:54:47","date_gmt":"2025-12-17T06:54:47","guid":{"rendered":"http:\/\/www.ogenenerji.com\/?page_id=23"},"modified":"2026-02-19T10:38:13","modified_gmt":"2026-02-19T10:38:13","slug":"hizmetler","status":"publish","type":"page","link":"https:\/\/ogenenerji.com\/index.php\/hizmetler\/","title":{"rendered":"Hizmetlerimiz"},"content":{"rendered":"\n<p><\/p>\n\n\n\n<p><strong>Bina Otomasyon Sistemleri<\/strong><\/p>\n\n\n\n<p>Binalarda enerji verimlili\u011fi, konfor ve g\u00fcvenli\u011fi art\u0131rmaya y\u00f6nelik entegre<br>bina otomasyon \u00e7\u00f6z\u00fcmleri sunmaktay\u0131z.<\/p>\n\n\n\n<p><strong>Enerji Otomasyonu<\/strong><\/p>\n\n\n\n<p>Enerji izleme, \u00f6l\u00e7\u00fcm ve kontrol sistemleri ile i\u015fletmelerin enerji<br>t\u00fcketimini analiz etmelerine ve optimize etmelerine yard\u0131mc\u0131 oluyoruz.<\/p>\n\n\n\n<p><strong>Mekanik Havaland\u0131rma Otomasyonu<\/strong><\/p>\n\n\n\n<p>HVAC ve mekanik havaland\u0131rma sistemlerinde otomasyon \u00e7\u00f6z\u00fcmleri ile<br>verimli ve s\u00fcrd\u00fcr\u00fclebilir i\u015fletme sa\u011fl\u0131yoruz.<\/p>\n\n\n\n<p><strong>MCC &amp; DDC Panolar\u0131<\/strong><\/p>\n\n\n\n<p>Projeye \u00f6zel tasarlanan MCC ve DDC panolar\u0131 ile g\u00fcvenilir ve uzun \u00f6m\u00fcrl\u00fc<br>kontrol sistemleri kuruyoruz.<\/p>\n\n\n\n<p><strong>Elektrik ve Tesisat<\/strong><\/p>\n\n\n\n<p>End\u00fcstriyel ve ticari yap\u0131larda elektrik altyap\u0131, pano ve saha tesisat<br>uygulamalar\u0131n\u0131 standartlara uygun \u015fekilde ger\u00e7ekle\u015ftiriyoruz.<\/p>\n\n\n\n<p><strong>Fancoil ve Klima Santral Bak\u0131m\u0131<\/strong><\/p>\n\n\n\n<p>Is\u0131tma, so\u011futma ve havaland\u0131rma sistemlerinin verimli, g\u00fcvenli ve uzun \u00f6m\u00fcrl\u00fc \u00e7al\u0131\u015fabilmesi i\u00e7in d\u00fczenli bak\u0131m b\u00fcy\u00fck \u00f6nem ta\u015f\u0131r. Fancoil \u00fcniteleri ve klima santralleri (AHU) i\u00e7in sundu\u011fumuz periyodik bak\u0131m hizmetleri ile sistem performans\u0131n\u0131z\u0131 art\u0131r\u0131yor, enerji tasarrufu sa\u011fl\u0131yor ve olas\u0131 ar\u0131zalar\u0131n \u00f6n\u00fcne ge\u00e7iyoruz.<\/p>\n\n\n\n<p><\/p>\n","protected":false},"excerpt":{"rendered":"<p>Bina Otomasyon Sistemleri Binalarda enerji verimlili\u011fi, konfor ve g\u00fcvenli\u011fi art\u0131rmaya y\u00f6nelik entegrebina otomasyon \u00e7\u00f6z\u00fcmleri sunmaktay\u0131z. Enerji Otomasyonu Enerji izleme, \u00f6l\u00e7\u00fcm [&hellip;]<\/p>\n","protected":false},"author":1,"featured_media":0,"parent":0,"menu_order":0,"comment_status":"closed","ping_status":"closed","template":"","meta":{"site-sidebar-layout":"default","site-content-layout":"","ast-site-content-layout":"default","site-content-style":"default","site-sidebar-style":"default","ast-global-header-display":"","ast-banner-title-visibility":"","ast-main-header-display":"","ast-hfb-above-header-display":"","ast-hfb-below-header-display":"","ast-hfb-mobile-header-display":"","site-post-title":"","ast-breadcrumbs-content":"","ast-featured-img":"","footer-sml-layout":"","ast-disable-related-posts":"","theme-transparent-header-meta":"","adv-header-id-meta":"","stick-header-meta":"","header-above-stick-meta":"","header-main-stick-meta":"","header-below-stick-meta":"","astra-migrate-meta-layouts":"default","ast-page-background-enabled":"default","ast-page-background-meta":{"desktop":{"background-color":"var(--ast-global-color-5)","background-image":"","background-repeat":"repeat","background-position":"center center","background-size":"auto","background-attachment":"scroll","background-type":"","background-media":"","overlay-type":"","overlay-color":"","overlay-opacity":"","overlay-gradient":""},"tablet":{"background-color":"","background-image":"","background-repeat":"repeat","background-position":"center center","background-size":"auto","background-attachment":"scroll","background-type":"","background-media":"","overlay-type":"","overlay-color":"","overlay-opacity":"","overlay-gradient":""},"mobile":{"background-color":"","background-image":"","background-repeat":"repeat","background-position":"center center","background-size":"auto","background-attachment":"scroll","background-type":"","background-media":"","overlay-type":"","overlay-color":"","overlay-opacity":"","overlay-gradient":""}},"ast-content-background-meta":{"desktop":{"background-color":"var(--ast-global-color-4)","background-image":"","background-repeat":"repeat","background-position":"center center","background-size":"auto","background-attachment":"scroll","background-type":"","background-media":"","overlay-type":"","overlay-color":"","overlay-opacity":"","overlay-gradient":""},"tablet":{"background-color":"var(--ast-global-color-4)","background-image":"","background-repeat":"repeat","background-position":"center center","background-size":"auto","background-attachment":"scroll","background-type":"","background-media":"","overlay-type":"","overlay-color":"","overlay-opacity":"","overlay-gradient":""},"mobile":{"background-color":"var(--ast-global-color-4)","background-image":"","background-repeat":"repeat","background-position":"center center","background-size":"auto","background-attachment":"scroll","background-type":"","background-media":"","overlay-type":"","overlay-color":"","overlay-opacity":"","overlay-gradient":""}},"_joinchat":[],"footnotes":""},"class_list":["post-23","page","type-page","status-publish","hentry"],"jetpack_sharing_enabled":true,"_links":{"self":[{"href":"https:\/\/ogenenerji.com\/index.php\/wp-json\/wp\/v2\/pages\/23","targetHints":{"allow":["GET"]}}],"collection":[{"href":"https:\/\/ogenenerji.com\/index.php\/wp-json\/wp\/v2\/pages"}],"about":[{"href":"https:\/\/ogenenerji.com\/index.php\/wp-json\/wp\/v2\/types\/page"}],"author":[{"embeddable":true,"href":"https:\/\/ogenenerji.com\/index.php\/wp-json\/wp\/v2\/users\/1"}],"replies":[{"embeddable":true,"href":"https:\/\/ogenenerji.com\/index.php\/wp-json\/wp\/v2\/comments?post=23"}],"version-history":[{"count":5,"href":"https:\/\/ogenenerji.com\/index.php\/wp-json\/wp\/v2\/pages\/23\/revisions"}],"predecessor-version":[{"id":196,"href":"https:\/\/ogenenerji.com\/index.php\/wp-json\/wp\/v2\/pages\/23\/revisions\/196"}],"wp:attachment":[{"href":"https:\/\/ogenenerji.com\/index.php\/wp-json\/wp\/v2\/media?parent=23"}],"curies":[{"name":"wp","href":"https:\/\/api.w.org\/{rel}","templated":true}]}}