{"id":19,"date":"2025-12-17T06:54:07","date_gmt":"2025-12-17T06:54:07","guid":{"rendered":"http:\/\/www.ogenenerji.com\/?page_id=19"},"modified":"2026-03-06T12:19:42","modified_gmt":"2026-03-06T12:19:42","slug":"iletisim","status":"publish","type":"page","link":"https:\/\/ogenenerji.com\/index.php\/iletisim\/","title":{"rendered":"\u0130leti\u015fim"},"content":{"rendered":"\n<p><\/p>\n\n\n\n<p>Bizimle ileti\u015fime ge\u00e7mek i\u00e7in a\u015fa\u011f\u0131daki bilgilerden bize ula\u015fabilirsiniz.<\/p>\n\n\n\n<p>\ud83d\udcde Telefon: <a href=\"tel:05318259406\">0531 825 94 06<\/a><br>\u2709\ufe0f E-posta: <a href=\"mailto:info@ogenenerji.com\">info@ogenenerji.com<\/a><br>\ud83c\udf10 Web: <a href=\"http:\/\/www.ogenenerji.com\" data-type=\"link\" data-id=\"www.ogenenerji.com\">www.ogenenerji.com<\/a><\/p>\n\n\n\n<p>Projeleriniz ve talepleriniz i\u00e7in bize e-posta g\u00f6nderebilir<br>veya telefon ile ula\u015fabilirsiniz.<\/p>\n\n\n\n<div style=\"width: 100%; overflow: hidden; border-radius: 12px; box-shadow: 0 4px 15px rgba(0,0,0,0.1); margin: 20px 0;\">\n    \n    <iframe \n        src=\"https:\/\/www.google.com\/maps\/embed?pb=!1m18!1m12!1m3!1d3059.1718794449175!2d32.65495537580226!3d39.93754487152063!2m3!1f0!2f0!3f0!3m2!1i1024!2i768!4f13.1!3m3!1m2!1s0x14d339c4c98c18cf%3A0x4d529eca08a91217!2s%C4%B0stasyon%2C%20Huzur%20Dudayev%20Sk.%20No%3A3%2C%2006790%20Etimesgut%2FAnkara!5e0!3m2!1str!2str!4v1772799426806!5m2!1str!2str\" \n        width=\"100%\" \n        height=\"450\" \n        style=\"border:0; display: block;\" \n        allowfullscreen=\"\" \n        loading=\"lazy\" \n        referrerpolicy=\"no-referrer-when-downgrade\">\n    <\/iframe>\n\n<\/div>\n\n<style>\n    \/* K\u00fc\u00e7\u00fck ekranlar (telefonlar) i\u00e7in harita boyutu ayar\u0131 *\/\n    @media (max-width: 768px) {\n        iframe {\n            height: 300px; \/* Mobilde daha az yer kaplamas\u0131 i\u00e7in *\/\n        }\n    }\n<\/style>\n\n\n\n<p><\/p>\n","protected":false},"excerpt":{"rendered":"<p>Bizimle ileti\u015fime ge\u00e7mek i\u00e7in a\u015fa\u011f\u0131daki bilgilerden bize ula\u015fabilirsiniz. \ud83d\udcde Telefon: 0531 825 94 06\u2709\ufe0f E-posta: info@ogenenerji.com\ud83c\udf10 Web: www.ogenenerji.com Projeleriniz ve [&hellip;]<\/p>\n","protected":false},"author":1,"featured_media":0,"parent":0,"menu_order":0,"comment_status":"closed","ping_status":"closed","template":"","meta":{"site-sidebar-layout":"default","site-content-layout":"","ast-site-content-layout":"default","site-content-style":"default","site-sidebar-style":"default","ast-global-header-display":"","ast-banner-title-visibility":"","ast-main-header-display":"","ast-hfb-above-header-display":"","ast-hfb-below-header-display":"","ast-hfb-mobile-header-display":"","site-post-title":"","ast-breadcrumbs-content":"","ast-featured-img":"","footer-sml-layout":"","ast-disable-related-posts":"","theme-transparent-header-meta":"","adv-header-id-meta":"","stick-header-meta":"","header-above-stick-meta":"","header-main-stick-meta":"","header-below-stick-meta":"","astra-migrate-meta-layouts":"default","ast-page-background-enabled":"default","ast-page-background-meta":{"desktop":{"background-color":"var(--ast-global-color-5)","background-image":"","background-repeat":"repeat","background-position":"center center","background-size":"auto","background-attachment":"scroll","background-type":"","background-media":"","overlay-type":"","overlay-color":"","overlay-opacity":"","overlay-gradient":""},"tablet":{"background-color":"","background-image":"","background-repeat":"repeat","background-position":"center center","background-size":"auto","background-attachment":"scroll","background-type":"","background-media":"","overlay-type":"","overlay-color":"","overlay-opacity":"","overlay-gradient":""},"mobile":{"background-color":"","background-image":"","background-repeat":"repeat","background-position":"center center","background-size":"auto","background-attachment":"scroll","background-type":"","background-media":"","overlay-type":"","overlay-color":"","overlay-opacity":"","overlay-gradient":""}},"ast-content-background-meta":{"desktop":{"background-color":"var(--ast-global-color-4)","background-image":"","background-repeat":"repeat","background-position":"center center","background-size":"auto","background-attachment":"scroll","background-type":"","background-media":"","overlay-type":"","overlay-color":"","overlay-opacity":"","overlay-gradient":""},"tablet":{"background-color":"var(--ast-global-color-4)","background-image":"","background-repeat":"repeat","background-position":"center center","background-size":"auto","background-attachment":"scroll","background-type":"","background-media":"","overlay-type":"","overlay-color":"","overlay-opacity":"","overlay-gradient":""},"mobile":{"background-color":"var(--ast-global-color-4)","background-image":"","background-repeat":"repeat","background-position":"center center","background-size":"auto","background-attachment":"scroll","background-type":"","background-media":"","overlay-type":"","overlay-color":"","overlay-opacity":"","overlay-gradient":""}},"_joinchat":[],"footnotes":""},"class_list":["post-19","page","type-page","status-publish","hentry"],"jetpack_sharing_enabled":true,"_links":{"self":[{"href":"https:\/\/ogenenerji.com\/index.php\/wp-json\/wp\/v2\/pages\/19","targetHints":{"allow":["GET"]}}],"collection":[{"href":"https:\/\/ogenenerji.com\/index.php\/wp-json\/wp\/v2\/pages"}],"about":[{"href":"https:\/\/ogenenerji.com\/index.php\/wp-json\/wp\/v2\/types\/page"}],"author":[{"embeddable":true,"href":"https:\/\/ogenenerji.com\/index.php\/wp-json\/wp\/v2\/users\/1"}],"replies":[{"embeddable":true,"href":"https:\/\/ogenenerji.com\/index.php\/wp-json\/wp\/v2\/comments?post=19"}],"version-history":[{"count":14,"href":"https:\/\/ogenenerji.com\/index.php\/wp-json\/wp\/v2\/pages\/19\/revisions"}],"predecessor-version":[{"id":250,"href":"https:\/\/ogenenerji.com\/index.php\/wp-json\/wp\/v2\/pages\/19\/revisions\/250"}],"wp:attachment":[{"href":"https:\/\/ogenenerji.com\/index.php\/wp-json\/wp\/v2\/media?parent=19"}],"curies":[{"name":"wp","href":"https:\/\/api.w.org\/{rel}","templated":true}]}}