{"id":13,"date":"2025-12-16T20:34:25","date_gmt":"2025-12-16T20:34:25","guid":{"rendered":"http:\/\/www.ogenenerji.com\/?page_id=13"},"modified":"2025-12-17T09:05:43","modified_gmt":"2025-12-17T09:05:43","slug":"referanslar","status":"publish","type":"page","link":"https:\/\/ogenenerji.com\/index.php\/referanslar\/","title":{"rendered":"Referanslar"},"content":{"rendered":"\n<h2 class=\"wp-block-heading\">Referanslar\u0131m\u0131z<\/h2>\n\n\n\n<p>OGEN Enerji olarak elektrik, enerji ve bina otomasyon sistemleri alan\u0131nda<br>farkl\u0131 sekt\u00f6rlerde bir\u00e7ok projeye \u00e7\u00f6z\u00fcm sunduk.<\/p>\n\n\n\n<p>A\u015fa\u011f\u0131da hizmet verdi\u011fimiz baz\u0131 proje ve m\u00fc\u015fteri gruplar\u0131 yer almaktad\u0131r.<\/p>\n\n\n\n<p><strong>Hizmet Verilen Sekt\u00f6rler<\/strong><\/p>\n\n\n\n<ul class=\"wp-block-list\">\n<li>End\u00fcstriyel Tesisler<\/li>\n\n\n\n<li>Ticari Yap\u0131lar<\/li>\n\n\n\n<li>Oteller ve Turizm Tesisleri<\/li>\n\n\n\n<li>Ofis ve \u0130\u015f Merkezleri<\/li>\n\n\n\n<li>Konut Projeleri<\/li>\n<\/ul>\n\n\n\n<p><strong>Proje T\u00fcrleri<\/strong><\/p>\n\n\n\n<ul class=\"wp-block-list\">\n<li>Bina Otomasyon Sistemleri<\/li>\n\n\n\n<li>Enerji \u0130zleme ve Otomasyon<\/li>\n\n\n\n<li>Mekanik Havaland\u0131rma Otomasyonu<\/li>\n\n\n\n<li>MCC &amp; DDC Pano Uygulamalar\u0131<\/li>\n\n\n\n<li>Elektrik ve Zay\u0131f Ak\u0131m Tesisatlar\u0131<\/li>\n<\/ul>\n\n\n\n<div class=\"wp-block-columns is-layout-flex wp-container-core-columns-is-layout-28f84493 wp-block-columns-is-layout-flex\">\n<div class=\"wp-block-column is-layout-flow wp-block-column-is-layout-flow\">\n<figure class=\"wp-block-image size-large is-resized\"><a href=\"https:\/\/www.mhp.org.tr\/mhp_index.php\" target=\"_blank\" rel=\"noopener\"><img loading=\"lazy\" decoding=\"async\" width=\"911\" height=\"1024\" src=\"http:\/\/www.ogenenerji.com\/wp-content\/uploads\/2025\/12\/Milliyetci_Hareket_Partisi_amblemi-911x1024.png\" alt=\"\" class=\"wp-image-55\" style=\"aspect-ratio:0.8896962995142372;width:309px;height:auto\" srcset=\"https:\/\/ogenenerji.com\/wp-content\/uploads\/2025\/12\/Milliyetci_Hareket_Partisi_amblemi-911x1024.png 911w, https:\/\/ogenenerji.com\/wp-content\/uploads\/2025\/12\/Milliyetci_Hareket_Partisi_amblemi-267x300.png 267w, https:\/\/ogenenerji.com\/wp-content\/uploads\/2025\/12\/Milliyetci_Hareket_Partisi_amblemi-768x863.png 768w, https:\/\/ogenenerji.com\/wp-content\/uploads\/2025\/12\/Milliyetci_Hareket_Partisi_amblemi.png 1119w\" sizes=\"auto, (max-width: 911px) 100vw, 911px\" \/><\/a><\/figure>\n<\/div>\n\n\n\n<div class=\"wp-block-column is-layout-flow wp-block-column-is-layout-flow\">\n<figure class=\"wp-block-image size-full is-resized\"><a href=\"https:\/\/www.memorial.com.tr\/\" target=\"_blank\" rel=\"noopener\"><img loading=\"lazy\" decoding=\"async\" width=\"225\" height=\"225\" src=\"http:\/\/www.ogenenerji.com\/wp-content\/uploads\/2025\/12\/memorial.png\" alt=\"\" class=\"wp-image-56\" style=\"width:343px;height:auto\" srcset=\"https:\/\/ogenenerji.com\/wp-content\/uploads\/2025\/12\/memorial.png 225w, https:\/\/ogenenerji.com\/wp-content\/uploads\/2025\/12\/memorial-150x150.png 150w\" sizes=\"auto, (max-width: 225px) 100vw, 225px\" \/><\/a><\/figure>\n<\/div>\n\n\n\n<div class=\"wp-block-column is-layout-flow wp-block-column-is-layout-flow\">\n<figure class=\"wp-block-image size-full is-resized\"><a href=\"https:\/\/www.arcadium.com.tr\/\" target=\"_blank\" rel=\"noopener\"><img loading=\"lazy\" decoding=\"async\" width=\"225\" height=\"225\" src=\"http:\/\/www.ogenenerji.com\/wp-content\/uploads\/2025\/12\/arcadium.png\" alt=\"\" class=\"wp-image-57\" style=\"width:343px;height:auto\" srcset=\"https:\/\/ogenenerji.com\/wp-content\/uploads\/2025\/12\/arcadium.png 225w, https:\/\/ogenenerji.com\/wp-content\/uploads\/2025\/12\/arcadium-150x150.png 150w\" sizes=\"auto, (max-width: 225px) 100vw, 225px\" \/><\/a><\/figure>\n<\/div>\n<\/div>\n\n\n\n<p><\/p>\n\n\n\n<div class=\"wp-block-columns is-layout-flex wp-container-core-columns-is-layout-28f84493 wp-block-columns-is-layout-flex\">\n<div class=\"wp-block-column is-layout-flow wp-block-column-is-layout-flow\">\n<figure class=\"wp-block-image size-full\"><a href=\"https:\/\/www.genilac.com.tr\/\" target=\"_blank\" rel=\"noopener\"><img loading=\"lazy\" decoding=\"async\" width=\"300\" height=\"168\" src=\"http:\/\/www.ogenenerji.com\/wp-content\/uploads\/2025\/12\/gen.jpg\" alt=\"\" class=\"wp-image-58\"\/><\/a><\/figure>\n<\/div>\n\n\n\n<div class=\"wp-block-column is-layout-flow wp-block-column-is-layout-flow\">\n<figure class=\"wp-block-image size-large\"><a href=\"https:\/\/www.akkent.com.tr\/projeler\/devam-eden-projelerimiz\/akkent-6\" target=\"_blank\" rel=\"noopener\"><img loading=\"lazy\" decoding=\"async\" width=\"1024\" height=\"848\" src=\"http:\/\/www.ogenenerji.com\/wp-content\/uploads\/2025\/12\/bb3ffewj5jjw76aqa1q9-1024x848.webp\" alt=\"\" class=\"wp-image-59\" srcset=\"https:\/\/ogenenerji.com\/wp-content\/uploads\/2025\/12\/bb3ffewj5jjw76aqa1q9-1024x848.webp 1024w, https:\/\/ogenenerji.com\/wp-content\/uploads\/2025\/12\/bb3ffewj5jjw76aqa1q9-300x248.webp 300w, https:\/\/ogenenerji.com\/wp-content\/uploads\/2025\/12\/bb3ffewj5jjw76aqa1q9-768x636.webp 768w, https:\/\/ogenenerji.com\/wp-content\/uploads\/2025\/12\/bb3ffewj5jjw76aqa1q9.webp 1074w\" sizes=\"auto, (max-width: 1024px) 100vw, 1024px\" \/><\/a><\/figure>\n<\/div>\n\n\n\n<div class=\"wp-block-column is-layout-flow wp-block-column-is-layout-flow\">\n<figure class=\"wp-block-image size-full is-resized\"><a href=\"https:\/\/www.ors.com.tr\/\" target=\"_blank\" rel=\"noopener\"><img loading=\"lazy\" decoding=\"async\" width=\"337\" height=\"149\" src=\"http:\/\/www.ogenenerji.com\/wp-content\/uploads\/2025\/12\/ors.png\" alt=\"\" class=\"wp-image-60\" style=\"width:352px;height:auto\" srcset=\"https:\/\/ogenenerji.com\/wp-content\/uploads\/2025\/12\/ors.png 337w, https:\/\/ogenenerji.com\/wp-content\/uploads\/2025\/12\/ors-300x133.png 300w\" sizes=\"auto, (max-width: 337px) 100vw, 337px\" \/><\/a><\/figure>\n<\/div>\n<\/div>\n\n\n\n<div class=\"wp-block-columns is-layout-flex wp-container-core-columns-is-layout-28f84493 wp-block-columns-is-layout-flex\">\n<div class=\"wp-block-column is-layout-flow wp-block-column-is-layout-flow\">\n<figure class=\"wp-block-image size-full\"><a href=\"https:\/\/www.saglik.gov.tr\/\" target=\"_blank\" rel=\"noopener\"><img loading=\"lazy\" decoding=\"async\" width=\"225\" height=\"225\" src=\"http:\/\/www.ogenenerji.com\/wp-content\/uploads\/2025\/12\/images.png\" alt=\"\" class=\"wp-image-61\" srcset=\"https:\/\/ogenenerji.com\/wp-content\/uploads\/2025\/12\/images.png 225w, https:\/\/ogenenerji.com\/wp-content\/uploads\/2025\/12\/images-150x150.png 150w\" sizes=\"auto, (max-width: 225px) 100vw, 225px\" \/><\/a><\/figure>\n<\/div>\n\n\n\n<div class=\"wp-block-column is-layout-flow wp-block-column-is-layout-flow\">\n<figure class=\"wp-block-image size-full\"><a href=\"https:\/\/www.limak.com.tr\/anasayfa\" target=\"_blank\" rel=\"noopener\"><img loading=\"lazy\" decoding=\"async\" width=\"300\" height=\"168\" src=\"http:\/\/www.ogenenerji.com\/wp-content\/uploads\/2025\/12\/limak.jpg\" alt=\"\" class=\"wp-image-62\"\/><\/a><\/figure>\n<\/div>\n\n\n\n<div class=\"wp-block-column is-layout-flow wp-block-column-is-layout-flow\">\n<figure class=\"wp-block-image size-full\"><a href=\"https:\/\/www.meb.gov.tr\/\" target=\"_blank\" rel=\"noopener\"><img loading=\"lazy\" decoding=\"async\" width=\"225\" height=\"225\" src=\"http:\/\/www.ogenenerji.com\/wp-content\/uploads\/2025\/12\/meb.jpg\" alt=\"\" class=\"wp-image-63\" srcset=\"https:\/\/ogenenerji.com\/wp-content\/uploads\/2025\/12\/meb.jpg 225w, https:\/\/ogenenerji.com\/wp-content\/uploads\/2025\/12\/meb-150x150.jpg 150w\" sizes=\"auto, (max-width: 225px) 100vw, 225px\" \/><\/a><\/figure>\n<\/div>\n<\/div>\n\n\n\n<div class=\"wp-block-columns is-layout-flex wp-container-core-columns-is-layout-28f84493 wp-block-columns-is-layout-flex\">\n<div class=\"wp-block-column is-layout-flow wp-block-column-is-layout-flow\">\n<figure class=\"wp-block-image size-full\"><img loading=\"lazy\" decoding=\"async\" width=\"500\" height=\"500\" src=\"http:\/\/www.ogenenerji.com\/wp-content\/uploads\/2025\/12\/arimedilac-logo.png\" alt=\"\" class=\"wp-image-64\" srcset=\"https:\/\/ogenenerji.com\/wp-content\/uploads\/2025\/12\/arimedilac-logo.png 500w, https:\/\/ogenenerji.com\/wp-content\/uploads\/2025\/12\/arimedilac-logo-300x300.png 300w, https:\/\/ogenenerji.com\/wp-content\/uploads\/2025\/12\/arimedilac-logo-150x150.png 150w\" sizes=\"auto, (max-width: 500px) 100vw, 500px\" \/><\/figure>\n<\/div>\n\n\n\n<div class=\"wp-block-column is-layout-flow wp-block-column-is-layout-flow\">\n<figure class=\"wp-block-image size-full\"><img loading=\"lazy\" decoding=\"async\" width=\"334\" height=\"151\" src=\"http:\/\/www.ogenenerji.com\/wp-content\/uploads\/2025\/12\/krc.png\" alt=\"\" class=\"wp-image-65\" srcset=\"https:\/\/ogenenerji.com\/wp-content\/uploads\/2025\/12\/krc.png 334w, https:\/\/ogenenerji.com\/wp-content\/uploads\/2025\/12\/krc-300x136.png 300w\" sizes=\"auto, (max-width: 334px) 100vw, 334px\" \/><\/figure>\n<\/div>\n\n\n\n<div class=\"wp-block-column is-layout-flow wp-block-column-is-layout-flow\">\n<figure class=\"wp-block-image size-full\"><img loading=\"lazy\" decoding=\"async\" width=\"600\" height=\"315\" src=\"http:\/\/www.ogenenerji.com\/wp-content\/uploads\/2025\/12\/daf9d9b2-adbe-4e5b-8085-a2a6dd2dd1f2.webp\" alt=\"\" class=\"wp-image-66\" srcset=\"https:\/\/ogenenerji.com\/wp-content\/uploads\/2025\/12\/daf9d9b2-adbe-4e5b-8085-a2a6dd2dd1f2.webp 600w, https:\/\/ogenenerji.com\/wp-content\/uploads\/2025\/12\/daf9d9b2-adbe-4e5b-8085-a2a6dd2dd1f2-300x158.webp 300w\" sizes=\"auto, (max-width: 600px) 100vw, 600px\" \/><\/figure>\n<\/div>\n<\/div>\n\n\n\n<p><\/p>\n","protected":false},"excerpt":{"rendered":"<p>Referanslar\u0131m\u0131z OGEN Enerji olarak elektrik, enerji ve bina otomasyon sistemleri alan\u0131ndafarkl\u0131 sekt\u00f6rlerde bir\u00e7ok projeye \u00e7\u00f6z\u00fcm sunduk. A\u015fa\u011f\u0131da hizmet verdi\u011fimiz baz\u0131 [&hellip;]<\/p>\n","protected":false},"author":1,"featured_media":0,"parent":0,"menu_order":0,"comment_status":"closed","ping_status":"closed","template":"","meta":{"site-sidebar-layout":"default","site-content-layout":"","ast-site-content-layout":"default","site-content-style":"default","site-sidebar-style":"default","ast-global-header-display":"","ast-banner-title-visibility":"","ast-main-header-display":"","ast-hfb-above-header-display":"","ast-hfb-below-header-display":"","ast-hfb-mobile-header-display":"","site-post-title":"","ast-breadcrumbs-content":"","ast-featured-img":"","footer-sml-layout":"","ast-disable-related-posts":"","theme-transparent-header-meta":"","adv-header-id-meta":"","stick-header-meta":"","header-above-stick-meta":"","header-main-stick-meta":"","header-below-stick-meta":"","astra-migrate-meta-layouts":"default","ast-page-background-enabled":"default","ast-page-background-meta":{"desktop":{"background-color":"var(--ast-global-color-5)","background-image":"","background-repeat":"repeat","background-position":"center center","background-size":"auto","background-attachment":"scroll","background-type":"","background-media":"","overlay-type":"","overlay-color":"","overlay-opacity":"","overlay-gradient":""},"tablet":{"background-color":"","background-image":"","background-repeat":"repeat","background-position":"center center","background-size":"auto","background-attachment":"scroll","background-type":"","background-media":"","overlay-type":"","overlay-color":"","overlay-opacity":"","overlay-gradient":""},"mobile":{"background-color":"","background-image":"","background-repeat":"repeat","background-position":"center center","background-size":"auto","background-attachment":"scroll","background-type":"","background-media":"","overlay-type":"","overlay-color":"","overlay-opacity":"","overlay-gradient":""}},"ast-content-background-meta":{"desktop":{"background-color":"var(--ast-global-color-4)","background-image":"","background-repeat":"repeat","background-position":"center center","background-size":"auto","background-attachment":"scroll","background-type":"","background-media":"","overlay-type":"","overlay-color":"","overlay-opacity":"","overlay-gradient":""},"tablet":{"background-color":"var(--ast-global-color-4)","background-image":"","background-repeat":"repeat","background-position":"center center","background-size":"auto","background-attachment":"scroll","background-type":"","background-media":"","overlay-type":"","overlay-color":"","overlay-opacity":"","overlay-gradient":""},"mobile":{"background-color":"var(--ast-global-color-4)","background-image":"","background-repeat":"repeat","background-position":"center center","background-size":"auto","background-attachment":"scroll","background-type":"","background-media":"","overlay-type":"","overlay-color":"","overlay-opacity":"","overlay-gradient":""}},"_joinchat":[],"footnotes":""},"class_list":["post-13","page","type-page","status-publish","hentry"],"jetpack_sharing_enabled":true,"_links":{"self":[{"href":"https:\/\/ogenenerji.com\/index.php\/wp-json\/wp\/v2\/pages\/13","targetHints":{"allow":["GET"]}}],"collection":[{"href":"https:\/\/ogenenerji.com\/index.php\/wp-json\/wp\/v2\/pages"}],"about":[{"href":"https:\/\/ogenenerji.com\/index.php\/wp-json\/wp\/v2\/types\/page"}],"author":[{"embeddable":true,"href":"https:\/\/ogenenerji.com\/index.php\/wp-json\/wp\/v2\/users\/1"}],"replies":[{"embeddable":true,"href":"https:\/\/ogenenerji.com\/index.php\/wp-json\/wp\/v2\/comments?post=13"}],"version-history":[{"count":5,"href":"https:\/\/ogenenerji.com\/index.php\/wp-json\/wp\/v2\/pages\/13\/revisions"}],"predecessor-version":[{"id":69,"href":"https:\/\/ogenenerji.com\/index.php\/wp-json\/wp\/v2\/pages\/13\/revisions\/69"}],"wp:attachment":[{"href":"https:\/\/ogenenerji.com\/index.php\/wp-json\/wp\/v2\/media?parent=13"}],"curies":[{"name":"wp","href":"https:\/\/api.w.org\/{rel}","templated":true}]}}